{"id":4002,"date":"2022-12-13T11:00:26","date_gmt":"2022-12-13T11:00:26","guid":{"rendered":"https:\/\/marianneknab.de\/?page_id=4002"},"modified":"2023-01-25T13:34:04","modified_gmt":"2023-01-25T13:34:04","slug":"kundalini-thai-massage","status":"publish","type":"page","link":"https:\/\/marianneknab.de\/?page_id=4002","title":{"rendered":"Kundalini Thai Massage"},"content":{"rendered":"\n<style type=\"text\/css\" data-created_by=\"avia_inline_auto\" id=\"style-css-av-lbm3mrcb-12e8f22dd362b2e3d9ac660eb645dc15\">\n#top .av-special-heading.av-lbm3mrcb-12e8f22dd362b2e3d9ac660eb645dc15{\npadding-bottom:10px;\n}\nbody .av-special-heading.av-lbm3mrcb-12e8f22dd362b2e3d9ac660eb645dc15 .av-special-heading-tag .heading-char{\nfont-size:25px;\n}\n.av-special-heading.av-lbm3mrcb-12e8f22dd362b2e3d9ac660eb645dc15 .av-subheading{\nfont-size:15px;\n}\n<\/style>\n<div  class='av-special-heading av-lbm3mrcb-12e8f22dd362b2e3d9ac660eb645dc15 av-special-heading-h3  avia-builder-el-0  el_before_av_hr  avia-builder-el-first '><h3 class='av-special-heading-tag'  itemprop=\"headline\"  >Selbstf\u00fcrsorge: Bewusst, Verbunden, Pr\u00e4sent<\/h3><div class=\"special-heading-border\"><div class=\"special-heading-inner-border\"><\/div><\/div><\/div>\n<div  class='hr av-b5e3pe-f58ff63d96b1aef03d3931e151a49bd1 hr-default  avia-builder-el-1  el_after_av_heading  el_before_av_one_half '><span class='hr-inner '><span class=\"hr-inner-style\"><\/span><\/span><\/div>\n<div class='flex_column av-8j442a-97804aeab87e4d235c4fde7e66362eba av_one_half  avia-builder-el-2  el_after_av_hr  el_before_av_one_half  first flex_column_div '     ><p>\n<style type=\"text\/css\" data-created_by=\"avia_inline_auto\" id=\"style-css-av-ldboppgf-11d7ed17f3defc66c30c3e56d3fc10ac\">\n#top .av-special-heading.av-ldboppgf-11d7ed17f3defc66c30c3e56d3fc10ac{\npadding-bottom:10px;\n}\nbody .av-special-heading.av-ldboppgf-11d7ed17f3defc66c30c3e56d3fc10ac .av-special-heading-tag .heading-char{\nfont-size:25px;\n}\n.av-special-heading.av-ldboppgf-11d7ed17f3defc66c30c3e56d3fc10ac .av-subheading{\nfont-size:15px;\n}\n<\/style>\n<div  class='av-special-heading av-ldboppgf-11d7ed17f3defc66c30c3e56d3fc10ac av-special-heading-h3  avia-builder-el-3  el_before_av_textblock  avia-builder-el-first '><h3 class='av-special-heading-tag'  itemprop=\"headline\"  >Einzelcoaching <span class='special_amp'>&amp;<\/span> Energiearbeit <\/h3><div class=\"special-heading-border\"><div class=\"special-heading-inner-border\"><\/div><\/div><\/div><br \/>\n<section  class='av_textblock_section av-lbm3na6y-0115c3c15c3de780759babbcae809f2d'  itemscope=\"itemscope\" itemtype=\"https:\/\/schema.org\/CreativeWork\" ><div class='avia_textblock'  itemprop=\"text\" ><div dir=\"auto\">\n<p>Wahrheit schafft Klarheit<\/p>\n<p><strong>Ganzheitliches Coaching &amp; Energiearbeit mit Marianne<\/strong><\/p>\n<\/div>\n<div dir=\"auto\">Gerne begleite ich Dich bei Entscheidungen, Kl\u00e4rungsprozessen, Trauer- und Wachstumsphasen und allen Themen, die dir auf dem Herzen liegen.<\/div>\n<div dir=\"auto\">\n<p>K\u00f6rper, Geist und Seele finden hier in Uelversheim einen Raum.<\/p>\n<\/div>\n<div dir=\"auto\"><\/div>\n<div dir=\"auto\"><strong>Rufe mich gerne an.<br \/>\n<\/strong><\/div>\n<div dir=\"auto\">\n<p>Dann kl\u00e4ren wir in einem ersten kostenfreien Gespr\u00e4ch Dein Anliegen.<\/p>\n<\/div>\n<div dir=\"auto\"><\/div>\n<div dir=\"auto\"><strong>1. Termin &#8211; Ganzheitliches Coaching:<\/strong><br \/>\nGespr\u00e4ch, Energie- und Chakrenarbeit.<\/div>\n<div dir=\"auto\">Dauer 1,5 Std.<br \/>\nAusgleich: 120,00 \u20ac<\/div>\n<div dir=\"auto\"><\/div>\n<div dir=\"auto\">\n<p><strong>Ort:<\/strong><br \/>\nDas ganzheitliche Coaching findet in Uelversheim, Ulfridstr. 32 statt.<\/p>\n<\/div>\n<\/div><\/section><br \/>\n\n<style type=\"text\/css\" data-created_by=\"avia_inline_auto\" id=\"style-css-av-ldbpbxon-4c7da0451c852bb19543fb17e36ad206\">\n.avia-image-container.av-ldbpbxon-4c7da0451c852bb19543fb17e36ad206 img.avia_image{\nbox-shadow:none;\n}\n.avia-image-container.av-ldbpbxon-4c7da0451c852bb19543fb17e36ad206 .av-image-caption-overlay-center{\ncolor:#ffffff;\n}\n<\/style>\n<div  class='avia-image-container av-ldbpbxon-4c7da0451c852bb19543fb17e36ad206 av-styling- avia-align-center  avia-builder-el-5  el_after_av_textblock  avia-builder-el-last '   itemprop=\"image\" itemscope=\"itemscope\" itemtype=\"https:\/\/schema.org\/ImageObject\" ><div class=\"avia-image-container-inner\"><div class=\"avia-image-overlay-wrap\"><img decoding=\"async\" class='wp-image-3778 avia-img-lazy-loading-not-3778 avia_image ' src=\"https:\/\/marianneknab.de\/wp-content\/uploads\/2021\/08\/IMG_9668_Web-Kopie-300x229.jpg\" alt='' title='IMG_9668_Web Kopie'  height=\"229\" width=\"300\"  itemprop=\"thumbnailUrl\" srcset=\"https:\/\/marianneknab.de\/wp-content\/uploads\/2021\/08\/IMG_9668_Web-Kopie-300x229.jpg 300w, https:\/\/marianneknab.de\/wp-content\/uploads\/2021\/08\/IMG_9668_Web-Kopie-450x343.jpg 450w, https:\/\/marianneknab.de\/wp-content\/uploads\/2021\/08\/IMG_9668_Web-Kopie.jpg 500w\" sizes=\"(max-width: 300px) 100vw, 300px\" \/><\/div><\/div><\/div><\/p><\/div><div class='flex_column av-7ygdde-6590a84419e2f4220385a1a717d2d685 av_one_half  avia-builder-el-6  el_after_av_one_half  el_before_av_hr  flex_column_div '     ><p>\n<style type=\"text\/css\" data-created_by=\"avia_inline_auto\" id=\"style-css-av-5bpnvm-8dbe505d64fc3a70c15731a5a2dc8d23\">\n#top .av-special-heading.av-5bpnvm-8dbe505d64fc3a70c15731a5a2dc8d23{\npadding-bottom:10px;\n}\nbody .av-special-heading.av-5bpnvm-8dbe505d64fc3a70c15731a5a2dc8d23 .av-special-heading-tag .heading-char{\nfont-size:25px;\n}\n.av-special-heading.av-5bpnvm-8dbe505d64fc3a70c15731a5a2dc8d23 .av-subheading{\nfont-size:15px;\n}\n<\/style>\n<div  class='av-special-heading av-5bpnvm-8dbe505d64fc3a70c15731a5a2dc8d23 av-special-heading-h3  avia-builder-el-7  el_before_av_image  avia-builder-el-first '><h3 class='av-special-heading-tag'  itemprop=\"headline\"  >Gutschein &#8211; Heilsame Auszeit <\/h3><div class=\"special-heading-border\"><div class=\"special-heading-inner-border\"><\/div><\/div><\/div><br \/>\n\n<style type=\"text\/css\" data-created_by=\"avia_inline_auto\" id=\"style-css-av-41ruua-26735cb538ad9e4c3454379a086b9439\">\n.avia-image-container.av-41ruua-26735cb538ad9e4c3454379a086b9439 img.avia_image{\nbox-shadow:none;\n}\n.avia-image-container.av-41ruua-26735cb538ad9e4c3454379a086b9439 .av-image-caption-overlay-center{\ncolor:#ffffff;\n}\n<\/style>\n<div  class='avia-image-container av-41ruua-26735cb538ad9e4c3454379a086b9439 av-styling- avia-align-center  avia-builder-el-8  el_after_av_heading  el_before_av_textblock '   itemprop=\"image\" itemscope=\"itemscope\" itemtype=\"https:\/\/schema.org\/ImageObject\" ><div class=\"avia-image-container-inner\"><div class=\"avia-image-overlay-wrap\"><img decoding=\"async\" class='wp-image-3999 avia-img-lazy-loading-not-3999 avia_image ' src=\"https:\/\/marianneknab.de\/wp-content\/uploads\/2022\/12\/Auszeit-Gutschein-Rueckseite-1030x731.png\" alt='' title='Auszeit Gutschein Ru\u0308ckseite'  height=\"731\" width=\"1030\"  itemprop=\"thumbnailUrl\" srcset=\"https:\/\/marianneknab.de\/wp-content\/uploads\/2022\/12\/Auszeit-Gutschein-Rueckseite-1030x731.png 1030w, https:\/\/marianneknab.de\/wp-content\/uploads\/2022\/12\/Auszeit-Gutschein-Rueckseite-300x213.png 300w, https:\/\/marianneknab.de\/wp-content\/uploads\/2022\/12\/Auszeit-Gutschein-Rueckseite-768x545.png 768w, https:\/\/marianneknab.de\/wp-content\/uploads\/2022\/12\/Auszeit-Gutschein-Rueckseite-1536x1090.png 1536w, https:\/\/marianneknab.de\/wp-content\/uploads\/2022\/12\/Auszeit-Gutschein-Rueckseite-1500x1064.png 1500w, https:\/\/marianneknab.de\/wp-content\/uploads\/2022\/12\/Auszeit-Gutschein-Rueckseite-260x185.png 260w, https:\/\/marianneknab.de\/wp-content\/uploads\/2022\/12\/Auszeit-Gutschein-Rueckseite-705x500.png 705w, https:\/\/marianneknab.de\/wp-content\/uploads\/2022\/12\/Auszeit-Gutschein-Rueckseite.png 1748w\" sizes=\"(max-width: 1030px) 100vw, 1030px\" \/><\/div><\/div><\/div><br \/>\n<section  class='av_textblock_section av-2xb8ki-6bf28cbcc4d365b4aa55a052d3fedede'  itemscope=\"itemscope\" itemtype=\"https:\/\/schema.org\/CreativeWork\" ><div class='avia_textblock'  itemprop=\"text\" ><div dir=\"auto\"><strong>Geschenke von Herzen;<br \/>\n<\/strong><\/div>\n<div dir=\"auto\">Schenke Dir oder Deinen Liebsten eine heilsame Auszeit<\/div>\n<div dir=\"auto\">\n<p>mit und bei Marianne.<\/p>\n<\/div>\n<div dir=\"auto\">Mit <strong>Thai-Yoga-Massage . Energiearbeit . Herzbalance.<br \/>\n<\/strong><\/div>\n<div dir=\"auto\">findest du wieder einen Weg zu Dir, tiefe Entspannung und Antworten auf deine Fragen.<\/div>\n<div dir=\"auto\">\n<p>Gutscheine sende ich gerne zu.<\/p>\n<p><strong>Gutscheine:<\/strong><br \/>\nim Wert von 80,00 \u20ac\u00a0\u00a0 =\u00a0 60 Minuten<br \/>\nim Wert von 120,00 \u20ac\u00a0 =\u00a0 95 Min.<\/p>\n<\/div>\n<div dir=\"auto\">\n<p>Gerne sende ich dir den Gutschein zu oder wir verabreden eine Abholzeit.<\/p>\n<p><strong>Ort:<\/strong><br \/>\nDie Auszeit findet in meinem privaten Yogaraum in Uelversheim, Ulfridstr. 32 statt.<\/p>\n<\/div>\n<\/div><\/section><\/p><\/div><div  class='hr av-332xf6-af697d26573199a3f0b9030ab76b8088 hr-default  avia-builder-el-10  el_after_av_one_half  el_before_av_heading '><span class='hr-inner '><span class=\"hr-inner-style\"><\/span><\/span><\/div><\/p>\n\n<style type=\"text\/css\" data-created_by=\"avia_inline_auto\" id=\"style-css-av-lbm51zkb-85fbbae6720773e02f9dc5ee26b4ed79\">\n#top .av-special-heading.av-lbm51zkb-85fbbae6720773e02f9dc5ee26b4ed79{\npadding-bottom:10px;\n}\nbody .av-special-heading.av-lbm51zkb-85fbbae6720773e02f9dc5ee26b4ed79 .av-special-heading-tag .heading-char{\nfont-size:25px;\n}\n.av-special-heading.av-lbm51zkb-85fbbae6720773e02f9dc5ee26b4ed79 .av-subheading{\nfont-size:15px;\n}\n<\/style>\n<div  class='av-special-heading av-lbm51zkb-85fbbae6720773e02f9dc5ee26b4ed79 av-special-heading-h3  avia-builder-el-11  el_after_av_hr  el_before_av_image '><h3 class='av-special-heading-tag'  itemprop=\"headline\"  >Thai Yoga Massage in Jordans Unterm\u00fchle <\/h3><div class=\"special-heading-border\"><div class=\"special-heading-inner-border\"><\/div><\/div><\/div>\n\n<style type=\"text\/css\" data-created_by=\"avia_inline_auto\" id=\"style-css-av-lbm62jyt-0d2feb0d81770c0f82ca979edfa5b162\">\n.avia-image-container.av-lbm62jyt-0d2feb0d81770c0f82ca979edfa5b162 img.avia_image{\nbox-shadow:none;\n}\n.avia-image-container.av-lbm62jyt-0d2feb0d81770c0f82ca979edfa5b162 .av-image-caption-overlay-center{\ncolor:#ffffff;\n}\n<\/style>\n<div  class='avia-image-container av-lbm62jyt-0d2feb0d81770c0f82ca979edfa5b162 av-styling- avia-align-center  avia-builder-el-12  el_after_av_heading  el_before_av_textblock '   itemprop=\"image\" itemscope=\"itemscope\" itemtype=\"https:\/\/schema.org\/ImageObject\" ><div class=\"avia-image-container-inner\"><div class=\"avia-image-overlay-wrap\"><img decoding=\"async\" class='wp-image-3562 avia-img-lazy-loading-not-3562 avia_image ' src=\"https:\/\/marianneknab.de\/wp-content\/uploads\/2021\/04\/jordans-untermuehle-yogaraum-1030x375.jpg\" alt='' title='jordans-untermuehle-yogaraum'  height=\"375\" width=\"1030\"  itemprop=\"thumbnailUrl\" srcset=\"https:\/\/marianneknab.de\/wp-content\/uploads\/2021\/04\/jordans-untermuehle-yogaraum-1030x375.jpg 1030w, https:\/\/marianneknab.de\/wp-content\/uploads\/2021\/04\/jordans-untermuehle-yogaraum-300x109.jpg 300w, https:\/\/marianneknab.de\/wp-content\/uploads\/2021\/04\/jordans-untermuehle-yogaraum-768x279.jpg 768w, https:\/\/marianneknab.de\/wp-content\/uploads\/2021\/04\/jordans-untermuehle-yogaraum-705x257.jpg 705w, https:\/\/marianneknab.de\/wp-content\/uploads\/2021\/04\/jordans-untermuehle-yogaraum-450x164.jpg 450w, https:\/\/marianneknab.de\/wp-content\/uploads\/2021\/04\/jordans-untermuehle-yogaraum.jpg 1440w\" sizes=\"(max-width: 1030px) 100vw, 1030px\" \/><\/div><\/div><\/div>\n<section  class='av_textblock_section av-lbm5ax84-3084d5522c970dcea02a65ebac0fc3b5'  itemscope=\"itemscope\" itemtype=\"https:\/\/schema.org\/CreativeWork\" ><div class='avia_textblock'  itemprop=\"text\" ><p>Neben <strong>Yoga &amp; Personal Yoga<\/strong> <strong> f\u00fcr G\u00e4ste<\/strong> im wundersch\u00f6nen Yogaraum in Selzen werde ich gerne f\u00fcr folgende Kundalini Thai Yoga Massage gebucht:<\/p>\n<div class=\"vri-program-info\">\n<div class=\"vri-program-title\">\n<h3>Geborgenheit &amp; Lebensenergie<\/h3>\n<\/div>\n<div class=\"vri-teaser\">\n<p>Achtsame Yoga-Ganzk\u00f6rper-Massage ohne \u00d6l. Yoga des Loslassens. In dieser Anwendung verbinden sich sanfte Mobilisations- und Dehntechniken, \u201epassive\u201c Yoga\u00fcbungen und bewusst angeleitete Atmung..<\/p>\n<\/div>\n<\/div>\n<p>Du kannst mich direkt \u00fcber das Wellnesshotel w\u00e4hrend deines Aufenthaltes oder bei deinem Day Spa zus\u00e4tzlich buchen.<\/p>\n<p><a href=\"https:\/\/www.jordans-untermuehle.de\/\">Jordans Unterm\u00fchle<\/a><\/p>\n<\/div><\/section>\n","protected":false},"excerpt":{"rendered":"","protected":false},"author":1,"featured_media":0,"parent":0,"menu_order":0,"comment_status":"closed","ping_status":"closed","template":"","meta":{"footnotes":""},"class_list":["post-4002","page","type-page","status-publish","hentry"],"_links":{"self":[{"href":"https:\/\/marianneknab.de\/index.php?rest_route=\/wp\/v2\/pages\/4002","targetHints":{"allow":["GET"]}}],"collection":[{"href":"https:\/\/marianneknab.de\/index.php?rest_route=\/wp\/v2\/pages"}],"about":[{"href":"https:\/\/marianneknab.de\/index.php?rest_route=\/wp\/v2\/types\/page"}],"author":[{"embeddable":true,"href":"https:\/\/marianneknab.de\/index.php?rest_route=\/wp\/v2\/users\/1"}],"replies":[{"embeddable":true,"href":"https:\/\/marianneknab.de\/index.php?rest_route=%2Fwp%2Fv2%2Fcomments&post=4002"}],"version-history":[{"count":12,"href":"https:\/\/marianneknab.de\/index.php?rest_route=\/wp\/v2\/pages\/4002\/revisions"}],"predecessor-version":[{"id":4081,"href":"https:\/\/marianneknab.de\/index.php?rest_route=\/wp\/v2\/pages\/4002\/revisions\/4081"}],"wp:attachment":[{"href":"https:\/\/marianneknab.de\/index.php?rest_route=%2Fwp%2Fv2%2Fmedia&parent=4002"}],"curies":[{"name":"wp","href":"https:\/\/api.w.org\/{rel}","templated":true}]}}