{"id":3651,"date":"2021-06-16T12:59:33","date_gmt":"2021-06-16T12:59:33","guid":{"rendered":"http:\/\/marianneknab.de\/?page_id=3651"},"modified":"2021-06-16T12:59:33","modified_gmt":"2021-06-16T12:59:33","slug":"rosen-liebe","status":"publish","type":"page","link":"https:\/\/marianneknab.de\/?page_id=3651","title":{"rendered":"Rosen Liebe"},"content":{"rendered":"<div  class='avia-slideshow av-av_slideshow-abd5978f30a1b35edbcfc6fe0fe814e8 avia-slideshow-featured av_slideshow avia-slide-slider  avia-builder-el-0  el_before_av_heading  avia-builder-el-first  av-slideshow-ui av-control-default av-slideshow-manual av-loop-once av-loop-manual-endless av-default-height-applied avia-slideshow-1' data-slideshow-options=\"{&quot;animation&quot;:&quot;slide&quot;,&quot;autoplay&quot;:false,&quot;loop_autoplay&quot;:&quot;once&quot;,&quot;interval&quot;:5,&quot;loop_manual&quot;:&quot;manual-endless&quot;,&quot;autoplay_stopper&quot;:false,&quot;noNavigation&quot;:false,&quot;bg_slider&quot;:false,&quot;keep_padding&quot;:false,&quot;hoverpause&quot;:false,&quot;show_slide_delay&quot;:0}\"  itemprop=\"image\" itemscope=\"itemscope\" itemtype=\"https:\/\/schema.org\/ImageObject\" ><ul class='avia-slideshow-inner ' style='padding-bottom: 28.666666666667%;'><li  class='avia-slideshow-slide av-av_slideshow-abd5978f30a1b35edbcfc6fe0fe814e8__0  slide-1 slide-odd'><div data-rel='slideshow-1' class='avia-slide-wrap '   ><img decoding=\"async\" class=\"wp-image-3654 avia-img-lazy-loading-not-3654\"  src=\"https:\/\/marianneknab.de\/wp-content\/uploads\/2021\/06\/louise-odier-header-1500x430.jpg\" width=\"1500\" height=\"430\" title='louise odier header' alt=''  itemprop=\"thumbnailUrl\"   \/><\/div><\/li><li  class='avia-slideshow-slide av-av_slideshow-abd5978f30a1b35edbcfc6fe0fe814e8__1  slide-2 slide-even'><div data-rel='slideshow-1' class='avia-slide-wrap '   ><img decoding=\"async\" class=\"wp-image-3655 avia-img-lazy-loading-not-3655\"  src=\"https:\/\/marianneknab.de\/wp-content\/uploads\/2021\/06\/IMG_6049-1500x430.jpg\" width=\"1500\" height=\"430\" title='IMG_6049' alt=''  itemprop=\"thumbnailUrl\"   \/><\/div><\/li><li  class='avia-slideshow-slide av-av_slideshow-abd5978f30a1b35edbcfc6fe0fe814e8__2  slide-3 slide-odd'><div data-rel='slideshow-1' class='avia-slide-wrap '   ><img decoding=\"async\" class=\"wp-image-3656 avia-img-lazy-loading-not-3656\"  src=\"https:\/\/marianneknab.de\/wp-content\/uploads\/2021\/06\/Rosenknospen-1500x430.jpg\" width=\"1500\" height=\"430\" title='Rosenknospen' alt=''  itemprop=\"thumbnailUrl\"   \/><\/div><\/li><\/ul><div class='avia-slideshow-arrows avia-slideshow-controls' ><a href='#prev' class='prev-slide ' aria-hidden='true' data-av_icon='\ue87c' data-av_iconfont='entypo-fontello'  tabindex='-1'>Zur\u00fcck<\/a><a href='#next' class='next-slide ' aria-hidden='true' data-av_icon='\ue87d' data-av_iconfont='entypo-fontello'  tabindex='-1'>Weiter<\/a><\/div><div class='avia-slideshow-dots avia-slideshow-controls'><a href='#1' class='goto-slide active' >1<\/a><a href='#2' class='goto-slide ' >2<\/a><a href='#3' class='goto-slide ' >3<\/a><\/div><\/div>\n\n<style type=\"text\/css\" data-created_by=\"avia_inline_auto\" id=\"style-css-av-av_heading-6332717d0d702c47ba7df39943e3e57a\">\n#top .av-special-heading.av-av_heading-6332717d0d702c47ba7df39943e3e57a{\npadding-bottom:10px;\n}\nbody .av-special-heading.av-av_heading-6332717d0d702c47ba7df39943e3e57a .av-special-heading-tag .heading-char{\nfont-size:25px;\n}\n.av-special-heading.av-av_heading-6332717d0d702c47ba7df39943e3e57a .av-subheading{\nfont-size:15px;\n}\n<\/style>\n<div  class='av-special-heading av-av_heading-6332717d0d702c47ba7df39943e3e57a av-special-heading-h3  avia-builder-el-1  el_after_av_slideshow  el_before_av_textblock '><h3 class='av-special-heading-tag'  itemprop=\"headline\"  >Faszination Rose<\/h3><div class=\"special-heading-border\"><div class=\"special-heading-inner-border\"><\/div><\/div><\/div>\n<section  class='av_textblock_section av-av_textblock-2de302bf1aa3cf4c9157dbe6f50ac7eb'  itemscope=\"itemscope\" itemtype=\"https:\/\/schema.org\/CreativeWork\" ><div class='avia_textblock'  itemprop=\"text\" ><p>In allen Kulturen und Religionen der Menschheit ist die Rose wichtiges und vielschichtiges Symbol.<\/p>\n<p>Ihr Duft,<br \/>\nIhre Sch\u00f6nheit,<br \/>\nIhre Anmut &amp; Vollkommenheit<\/p>\n<p>faszinierte und inspirierte seit jeher die Menschen aller Kulturen.<\/p>\n<p>Sie ist wie alle Rosengew\u00e4chse der Liebesg\u00f6ttin Venus zugeordnet, die f\u00fcr alles Sch\u00f6ne steht.<\/p>\n<p>Mit den Venuskr\u00e4ften verbindet man die angenehmen Seiten des Lebens; Genussf\u00e4higkeit &amp; Sinnlichkeit &amp; Liebe.<\/p>\n<p>Als Zeichen der Liebe und Zuneigung schenken sich Liebende gerne Rosen.<\/p>\n<\/div><\/section>\n\n<style type=\"text\/css\" data-created_by=\"avia_inline_auto\" id=\"style-css-av-av_one_half-15d750bd1b332b34c6e70b077ebbccdf\">\n.flex_column.av-av_one_half-15d750bd1b332b34c6e70b077ebbccdf{\n-webkit-border-radius:0px 0px 0px 0px;\n-moz-border-radius:0px 0px 0px 0px;\nborder-radius:0px 0px 0px 0px;\n}\n<\/style>\n<div class='flex_column av-av_one_half-15d750bd1b332b34c6e70b077ebbccdf av_one_half  avia-builder-el-3  el_after_av_textblock  el_before_av_one_half  first flex_column_div av-zero-column-padding column-top-margin'     ><p>\n<style type=\"text\/css\" data-created_by=\"avia_inline_auto\" id=\"style-css-av-av_heading-a176d85ffc51831c48fbb4a98472480d\">\n#top .av-special-heading.av-av_heading-a176d85ffc51831c48fbb4a98472480d{\npadding-bottom:10px;\n}\nbody .av-special-heading.av-av_heading-a176d85ffc51831c48fbb4a98472480d .av-special-heading-tag .heading-char{\nfont-size:25px;\n}\n.av-special-heading.av-av_heading-a176d85ffc51831c48fbb4a98472480d .av-subheading{\nfont-size:15px;\n}\n<\/style>\n<div  class='av-special-heading av-av_heading-a176d85ffc51831c48fbb4a98472480d av-special-heading-h3  avia-builder-el-4  el_before_av_image  avia-builder-el-first '><h3 class='av-special-heading-tag'  itemprop=\"headline\"  >Ein Garten voller Rosen<\/h3><div class=\"special-heading-border\"><div class=\"special-heading-inner-border\"><\/div><\/div><\/div><br \/>\n\n<style type=\"text\/css\" data-created_by=\"avia_inline_auto\" id=\"style-css-av-av_image-3510e4ba183f83adba34c8194d7195d1\">\n.avia-image-container.av-av_image-3510e4ba183f83adba34c8194d7195d1 img.avia_image{\nbox-shadow:none;\n}\n.avia-image-container.av-av_image-3510e4ba183f83adba34c8194d7195d1 .av-image-caption-overlay-center{\ncolor:#ffffff;\n}\n<\/style>\n<div  class='avia-image-container av-av_image-3510e4ba183f83adba34c8194d7195d1 av-styling- avia-align-left  avia-builder-el-5  el_after_av_heading  el_before_av_textblock '   itemprop=\"image\" itemscope=\"itemscope\" itemtype=\"https:\/\/schema.org\/ImageObject\" ><div class=\"avia-image-container-inner\"><div class=\"avia-image-overlay-wrap\"><img decoding=\"async\" class='wp-image-3655 avia-img-lazy-loading-not-3655 avia_image ' src=\"https:\/\/marianneknab.de\/wp-content\/uploads\/2021\/06\/IMG_6049-1030x588.jpg\" alt='' title='IMG_6049'  height=\"588\" width=\"1030\"  itemprop=\"thumbnailUrl\" srcset=\"https:\/\/marianneknab.de\/wp-content\/uploads\/2021\/06\/IMG_6049-1030x588.jpg 1030w, https:\/\/marianneknab.de\/wp-content\/uploads\/2021\/06\/IMG_6049-300x171.jpg 300w, https:\/\/marianneknab.de\/wp-content\/uploads\/2021\/06\/IMG_6049-768x439.jpg 768w, https:\/\/marianneknab.de\/wp-content\/uploads\/2021\/06\/IMG_6049-1536x877.jpg 1536w, https:\/\/marianneknab.de\/wp-content\/uploads\/2021\/06\/IMG_6049-2048x1170.jpg 2048w, https:\/\/marianneknab.de\/wp-content\/uploads\/2021\/06\/IMG_6049-1500x857.jpg 1500w, https:\/\/marianneknab.de\/wp-content\/uploads\/2021\/06\/IMG_6049-705x403.jpg 705w, https:\/\/marianneknab.de\/wp-content\/uploads\/2021\/06\/IMG_6049-450x257.jpg 450w\" sizes=\"(max-width: 1030px) 100vw, 1030px\" \/><\/div><\/div><\/div><br \/>\n<section  class='av_textblock_section av-av_textblock-2de302bf1aa3cf4c9157dbe6f50ac7eb'  itemscope=\"itemscope\" itemtype=\"https:\/\/schema.org\/CreativeWork\" ><div class='avia_textblock'  itemprop=\"text\" ><p>Mit dem Garten kamen auch die Rosen. Viele sollten es sein, in zarten Farben, mit Duft und schweren Bl\u00fctenkelchen. Meine Vorliebe galt von Anfang an den alten Rosen, nur sie hatten diesen besonderen Duft und waren f\u00fcr mich beseelt. Die erste Rose hier in Uelversheim war <strong>Constanze Spry <\/strong>(siehe Foto) , sie ist immer noch eine meiner Lieblingsrosen und bl\u00fcht jedes Jahr sch\u00f6ner und \u00fcppiger.\u00a0 Inzwischen schm\u00fccken 24 weitere Rosen den Garten.<\/p>\n<\/div><\/section><\/p><\/div>\n\n<style type=\"text\/css\" data-created_by=\"avia_inline_auto\" id=\"style-css-av-av_one_half-c8fc129dc35fd1ae2a1e410224d39ea8\">\n.flex_column.av-av_one_half-c8fc129dc35fd1ae2a1e410224d39ea8{\n-webkit-border-radius:0px 0px 0px 0px;\n-moz-border-radius:0px 0px 0px 0px;\nborder-radius:0px 0px 0px 0px;\n}\n<\/style>\n<div class='flex_column av-av_one_half-c8fc129dc35fd1ae2a1e410224d39ea8 av_one_half  avia-builder-el-7  el_after_av_one_half  el_before_av_one_half  flex_column_div av-zero-column-padding column-top-margin'     ><p>\n<style type=\"text\/css\" data-created_by=\"avia_inline_auto\" id=\"style-css-av-av_heading-3eff5ad437bf73b870f9ed5ec415e8eb\">\n#top .av-special-heading.av-av_heading-3eff5ad437bf73b870f9ed5ec415e8eb{\npadding-bottom:10px;\n}\nbody .av-special-heading.av-av_heading-3eff5ad437bf73b870f9ed5ec415e8eb .av-special-heading-tag .heading-char{\nfont-size:25px;\n}\n.av-special-heading.av-av_heading-3eff5ad437bf73b870f9ed5ec415e8eb .av-subheading{\nfont-size:15px;\n}\n<\/style>\n<div  class='av-special-heading av-av_heading-3eff5ad437bf73b870f9ed5ec415e8eb av-special-heading-h3  avia-builder-el-8  el_before_av_image  avia-builder-el-first '><h3 class='av-special-heading-tag'  itemprop=\"headline\"  >Die Heilkraft der Rose<\/h3><div class=\"special-heading-border\"><div class=\"special-heading-inner-border\"><\/div><\/div><\/div><br \/>\n\n<style type=\"text\/css\" data-created_by=\"avia_inline_auto\" id=\"style-css-av-av_image-597da5010e17cbe294d5e0293fead0c3\">\n.avia-image-container.av-av_image-597da5010e17cbe294d5e0293fead0c3 img.avia_image{\nbox-shadow:none;\n}\n.avia-image-container.av-av_image-597da5010e17cbe294d5e0293fead0c3 .av-image-caption-overlay-center{\ncolor:#ffffff;\n}\n<\/style>\n<div  class='avia-image-container av-av_image-597da5010e17cbe294d5e0293fead0c3 av-styling- avia-align-left  avia-builder-el-9  el_after_av_heading  el_before_av_textblock '   itemprop=\"image\" itemscope=\"itemscope\" itemtype=\"https:\/\/schema.org\/ImageObject\" ><div class=\"avia-image-container-inner\"><div class=\"avia-image-overlay-wrap\"><img decoding=\"async\" class='wp-image-3645 avia-img-lazy-loading-not-3645 avia_image ' src=\"https:\/\/marianneknab.de\/wp-content\/uploads\/2021\/06\/Tuscany-header.jpg\" alt='' title='Tuscany header'  height=\"341\" width=\"640\"  itemprop=\"thumbnailUrl\" srcset=\"https:\/\/marianneknab.de\/wp-content\/uploads\/2021\/06\/Tuscany-header.jpg 640w, https:\/\/marianneknab.de\/wp-content\/uploads\/2021\/06\/Tuscany-header-300x160.jpg 300w, https:\/\/marianneknab.de\/wp-content\/uploads\/2021\/06\/Tuscany-header-450x240.jpg 450w\" sizes=\"(max-width: 640px) 100vw, 640px\" \/><\/div><\/div><\/div><br \/>\n<section  class='av_textblock_section av-av_textblock-2de302bf1aa3cf4c9157dbe6f50ac7eb'  itemscope=\"itemscope\" itemtype=\"https:\/\/schema.org\/CreativeWork\" ><div class='avia_textblock'  itemprop=\"text\" ><p>In fr\u00fcheren Zeiten waren Rosenbl\u00e4tter oder Rosen\u00f6l in jedem Rezept enthalten um Harmonie &amp; Gelassenheit zu bewirken und das Venusische zu st\u00e4rken.\u00a0 Ebenso war Rosen\u00f6l traditioneller Bestandteil von Lebenselexieren.<br \/>\nAuch die \u00c4gypter sch\u00e4tzten die Rose als Universalheilmittel; aufgrund der antiseptischen Kr\u00e4fte diente die Rose zusammen mit Myrrhe, Salbei und Weihrauch zur Einbalsamierung.<\/p>\n<p><strong>Heileigenschaften der Rose:<\/strong><br \/>\nEntz\u00fcndungswidrig, wundheilend, pilzfeindlich, blutreinigend, blutflusshemmend, antiallergisch.<\/p>\n<p>Die Bl\u00fctenknospen enthalten vor allem Gerbstoffe, \u00e4therisches \u00d6l mit Geraniol und Flavonoide (Quercitrin u.a.).<\/p>\n<p>Auf der seelischen Ebene f\u00f6rdert die Rose aber auch andere Rosengew\u00e4chse die Weiblichkeit. Der Rosenduft wirkt auf K\u00f6rper &amp; Seele entkrampfend und st\u00e4rkt das weibliche Selbstwertgef\u00fchl.\u00a0 (Quelle; Margret Madjesky)<\/p>\n<\/div><\/section><\/p><\/div>\n\n<style type=\"text\/css\" data-created_by=\"avia_inline_auto\" id=\"style-css-av-av_one_half-15d750bd1b332b34c6e70b077ebbccdf\">\n.flex_column.av-av_one_half-15d750bd1b332b34c6e70b077ebbccdf{\n-webkit-border-radius:0px 0px 0px 0px;\n-moz-border-radius:0px 0px 0px 0px;\nborder-radius:0px 0px 0px 0px;\n}\n<\/style>\n<div class='flex_column av-av_one_half-15d750bd1b332b34c6e70b077ebbccdf av_one_half  avia-builder-el-11  el_after_av_one_half  el_before_av_textblock  first flex_column_div av-zero-column-padding column-top-margin'     ><p>\n<style type=\"text\/css\" data-created_by=\"avia_inline_auto\" id=\"style-css-av-av_heading-1a867e0708ba97dea3df3bea62c285a3\">\n#top .av-special-heading.av-av_heading-1a867e0708ba97dea3df3bea62c285a3{\npadding-bottom:10px;\n}\nbody .av-special-heading.av-av_heading-1a867e0708ba97dea3df3bea62c285a3 .av-special-heading-tag .heading-char{\nfont-size:25px;\n}\n.av-special-heading.av-av_heading-1a867e0708ba97dea3df3bea62c285a3 .av-subheading{\nfont-size:15px;\n}\n<\/style>\n<div  class='av-special-heading av-av_heading-1a867e0708ba97dea3df3bea62c285a3 av-special-heading-h3  avia-builder-el-12  el_before_av_image  avia-builder-el-first '><h3 class='av-special-heading-tag'  itemprop=\"headline\"  >Die Rose &#8211; von Eugen Roth<\/h3><div class=\"special-heading-border\"><div class=\"special-heading-inner-border\"><\/div><\/div><\/div><br \/>\n\n<style type=\"text\/css\" data-created_by=\"avia_inline_auto\" id=\"style-css-av-av_image-a8630f1688f8903e6b0b79cd5b49df1f\">\n.avia-image-container.av-av_image-a8630f1688f8903e6b0b79cd5b49df1f img.avia_image{\nbox-shadow:none;\n}\n.avia-image-container.av-av_image-a8630f1688f8903e6b0b79cd5b49df1f .av-image-caption-overlay-center{\ncolor:#ffffff;\n}\n<\/style>\n<div  class='avia-image-container av-av_image-a8630f1688f8903e6b0b79cd5b49df1f av-styling- avia-align-left  avia-builder-el-13  el_after_av_heading  el_before_av_textblock '   itemprop=\"image\" itemscope=\"itemscope\" itemtype=\"https:\/\/schema.org\/ImageObject\" ><div class=\"avia-image-container-inner\"><div class=\"avia-image-overlay-wrap\"><img decoding=\"async\" class='wp-image-3660 avia-img-lazy-loading-not-3660 avia_image ' src=\"https:\/\/marianneknab.de\/wp-content\/uploads\/2021\/06\/Rosenherbst-1030x943.jpg\" alt='' title='Rosenherbst'  height=\"943\" width=\"1030\"  itemprop=\"thumbnailUrl\" srcset=\"https:\/\/marianneknab.de\/wp-content\/uploads\/2021\/06\/Rosenherbst-1030x943.jpg 1030w, https:\/\/marianneknab.de\/wp-content\/uploads\/2021\/06\/Rosenherbst-300x275.jpg 300w, https:\/\/marianneknab.de\/wp-content\/uploads\/2021\/06\/Rosenherbst-768x703.jpg 768w, https:\/\/marianneknab.de\/wp-content\/uploads\/2021\/06\/Rosenherbst-705x646.jpg 705w, https:\/\/marianneknab.de\/wp-content\/uploads\/2021\/06\/Rosenherbst-450x412.jpg 450w, https:\/\/marianneknab.de\/wp-content\/uploads\/2021\/06\/Rosenherbst.jpg 1280w\" sizes=\"(max-width: 1030px) 100vw, 1030px\" \/><\/div><\/div><\/div><br \/>\n<section  class='av_textblock_section av-av_textblock-2de302bf1aa3cf4c9157dbe6f50ac7eb'  itemscope=\"itemscope\" itemtype=\"https:\/\/schema.org\/CreativeWork\" ><div class='avia_textblock'  itemprop=\"text\" ><p>Die Rose<\/p>\n<p>Als sich die Rose erhob,<\/p>\n<p>die B\u00fcrde ihres Bl\u00fchens und Duftends zu tragen mit Lust:<br \/>\nHat sie, dass es der letzte sein w\u00fcrde<br \/>\nVon ihren Tagen noch nicht gewusst.<\/p>\n<p>Nur, dass sie gl\u00fchender noch werden m\u00fcsste,<\/p>\n<p>reiner und seliger hingegeben dem Licht,<br \/>\nsp\u00fcrte sie &#8211;<br \/>\ndass zum Tode sie r\u00fcste<\/p>\n<p>so wildes Leben bedachte sie nicht &#8230;<\/p>\n<p>Als dann am Abend mit M\u00fche der Stengel<br \/>\nIhre hingeatmete S\u00fc\u00dfe noch trug.<br \/>\nHauchte sie,<br \/>\nfallend dem k\u00fchlen Engel<br \/>\nwelk vor die F\u00fc\u00dfe:<br \/>\nWar es genug?<\/p>\n<\/div><\/section><\/p><\/div><section  class='av_textblock_section av-av_textblock-2de302bf1aa3cf4c9157dbe6f50ac7eb'  itemscope=\"itemscope\" itemtype=\"https:\/\/schema.org\/CreativeWork\" ><div class='avia_textblock'  itemprop=\"text\" ><\/div><\/section><\/p>\n","protected":false},"excerpt":{"rendered":"","protected":false},"author":1,"featured_media":3198,"parent":0,"menu_order":0,"comment_status":"closed","ping_status":"closed","template":"","meta":{"footnotes":""},"class_list":["post-3651","page","type-page","status-publish","has-post-thumbnail","hentry"],"_links":{"self":[{"href":"https:\/\/marianneknab.de\/index.php?rest_route=\/wp\/v2\/pages\/3651","targetHints":{"allow":["GET"]}}],"collection":[{"href":"https:\/\/marianneknab.de\/index.php?rest_route=\/wp\/v2\/pages"}],"about":[{"href":"https:\/\/marianneknab.de\/index.php?rest_route=\/wp\/v2\/types\/page"}],"author":[{"embeddable":true,"href":"https:\/\/marianneknab.de\/index.php?rest_route=\/wp\/v2\/users\/1"}],"replies":[{"embeddable":true,"href":"https:\/\/marianneknab.de\/index.php?rest_route=%2Fwp%2Fv2%2Fcomments&post=3651"}],"version-history":[{"count":5,"href":"https:\/\/marianneknab.de\/index.php?rest_route=\/wp\/v2\/pages\/3651\/revisions"}],"predecessor-version":[{"id":3661,"href":"https:\/\/marianneknab.de\/index.php?rest_route=\/wp\/v2\/pages\/3651\/revisions\/3661"}],"wp:featuredmedia":[{"embeddable":true,"href":"https:\/\/marianneknab.de\/index.php?rest_route=\/wp\/v2\/media\/3198"}],"wp:attachment":[{"href":"https:\/\/marianneknab.de\/index.php?rest_route=%2Fwp%2Fv2%2Fmedia&parent=3651"}],"curies":[{"name":"wp","href":"https:\/\/api.w.org\/{rel}","templated":true}]}}