{"id":3231,"date":"2020-12-16T12:36:07","date_gmt":"2020-12-16T12:36:07","guid":{"rendered":"http:\/\/marianneknab.de\/?page_id=3231"},"modified":"2024-03-27T11:22:28","modified_gmt":"2024-03-27T11:22:28","slug":"zu-mir","status":"publish","type":"page","link":"https:\/\/marianneknab.de\/?page_id=3231","title":{"rendered":"zu Marianne Knab"},"content":{"rendered":"\n<section  class='av_textblock_section av-b1a71b-f07600ebe11e0c8350f2ed4dc1e1d2ad'  itemscope=\"itemscope\" itemtype=\"https:\/\/schema.org\/CreativeWork\" ><div class='avia_textblock'  itemprop=\"text\" ><h3><strong><img loading=\"lazy\" decoding=\"async\" class=\"alignleft size-full wp-image-3771\" src=\"https:\/\/marianneknab.de\/wp-content\/uploads\/2021\/08\/IMG_9575_Web.jpg\" alt=\"\" width=\"750\" height=\"500\" srcset=\"https:\/\/marianneknab.de\/wp-content\/uploads\/2021\/08\/IMG_9575_Web.jpg 750w, https:\/\/marianneknab.de\/wp-content\/uploads\/2021\/08\/IMG_9575_Web-300x200.jpg 300w, https:\/\/marianneknab.de\/wp-content\/uploads\/2021\/08\/IMG_9575_Web-705x470.jpg 705w, https:\/\/marianneknab.de\/wp-content\/uploads\/2021\/08\/IMG_9575_Web-450x300.jpg 450w\" sizes=\"auto, (max-width: 750px) 100vw, 750px\" \/><\/strong><\/h3>\n<h2><\/h2>\n<h2><strong>Marianne Knab <\/strong><\/h2>\n<h4>Impulsgeberin und Wegbegleitung f\u00fcr deinen Seelenweg.<\/h4>\n<p>Ich begleite Menschen auf ihrem Weg zu einem erf\u00fcllten und Selbst-verantwortlichen Leben;<br \/>\nhin zu <strong>mehr Selbstliebe, Bewusstheit und Lebenskraft.<\/strong><\/p>\n<h3><strong>Energie &amp; Heilung auf deinem Seelenweg <\/strong><\/h3>\n<p>Methoden:<br \/>\nKundalini YOGA, Kundalini Thai Yoga Massage,<br \/>\nEnergie- und Chakrenarbeit,<br \/>\nHairzbalance &#8211; Wege aus der Vergangenheit,<br \/>\nganzheitliches Coaching zum Wachsen und Erbl\u00fchen,<br \/>\nKr\u00e4uterwissen.<\/p>\n<p><strong>Wichtige berufliche Stationen waren;<\/strong><br \/>\nPR-Frau im Gesundheitswesen,<br \/>\nGesch\u00e4ftsf\u00fchrerin bei einem \u00d6koverband und<br \/>\nGr\u00fcndung der PR- &amp; Marketing Agentur SinnVoll.<\/p>\n<p>Aus- und Fortbildungen in Prozessbegleitung, Beratung, Familienaufstellungen nach Hellinger &amp; systemisches Coaching.<\/p>\n<p><strong>LehrerInnen und Ausbildungen auf meinem HerzWeg;<\/strong><\/p>\n<p>Langj\u00e4hrige Ausbildung \u201eSeelenentwicklung\u201c mit feinstofflicher Energie- und Chakrenarbeit bei<br \/>\nUrsa Paul, der Gr\u00fcnderin des Heilhauses in Kassel.<\/p>\n<p>Kr\u00e4uter- &amp; Heilkr\u00e4uterp\u00e4dagogin \/Freiburger Heilpflanzenschule.<\/p>\n<p>Kundalini Yoga Lehrerin (3HO).<\/p>\n<p>\u201eHairzbalance\u201c bei Reinhold Kopp, M\u00fcnchen.<\/p>\n<p>Kundalini Thai YOGA Massage bei Sophie Kressbach, Stuttgart.<\/p>\n<p>Sat Nam Rasayan \/yogische Heiltechnik bei Sven Butz, Turiya.<\/p>\n<\/div><\/section>\n<div class='flex_column av-wfm7-6ec722ea9ac7f77cceeee6e2acb2c656 av_four_fifth  avia-builder-el-2  el_after_av_textblock  el_before_av_heading  first flex_column_div column-top-margin'     ><style type=\"text\/css\" data-created_by=\"avia_inline_auto\" id=\"style-css-av-lct5yd78-a86ee5465228722c4e7252edf0598a8e\">\n.avia-image-container.av-lct5yd78-a86ee5465228722c4e7252edf0598a8e img.avia_image{\nbox-shadow:none;\n}\n.avia-image-container.av-lct5yd78-a86ee5465228722c4e7252edf0598a8e .av-image-caption-overlay-center{\ncolor:#ffffff;\n}\n<\/style>\n<div  class='avia-image-container av-lct5yd78-a86ee5465228722c4e7252edf0598a8e av-styling- avia-align-center  avia-builder-el-3  avia-builder-el-no-sibling '   itemprop=\"image\" itemscope=\"itemscope\" itemtype=\"https:\/\/schema.org\/ImageObject\" ><div class=\"avia-image-container-inner\"><div class=\"avia-image-overlay-wrap\"><img decoding=\"async\" class='wp-image-4035 avia-img-lazy-loading-not-4035 avia_image ' src=\"https:\/\/marianneknab.de\/wp-content\/uploads\/2023\/01\/spuren-der-meister-1030x485.jpg\" alt='' title='spuren der meister'  height=\"485\" width=\"1030\"  itemprop=\"thumbnailUrl\" srcset=\"https:\/\/marianneknab.de\/wp-content\/uploads\/2023\/01\/spuren-der-meister-1030x485.jpg 1030w, https:\/\/marianneknab.de\/wp-content\/uploads\/2023\/01\/spuren-der-meister-300x141.jpg 300w, https:\/\/marianneknab.de\/wp-content\/uploads\/2023\/01\/spuren-der-meister-768x362.jpg 768w, https:\/\/marianneknab.de\/wp-content\/uploads\/2023\/01\/spuren-der-meister-1536x724.jpg 1536w, https:\/\/marianneknab.de\/wp-content\/uploads\/2023\/01\/spuren-der-meister-1500x707.jpg 1500w, https:\/\/marianneknab.de\/wp-content\/uploads\/2023\/01\/spuren-der-meister-705x332.jpg 705w, https:\/\/marianneknab.de\/wp-content\/uploads\/2023\/01\/spuren-der-meister.jpg 2016w\" sizes=\"(max-width: 1030px) 100vw, 1030px\" \/><\/div><\/div><\/div><\/div>\n\n<style type=\"text\/css\" data-created_by=\"avia_inline_auto\" id=\"style-css-av-9tb4an-8a6b615ce33bceeb659d89ce8894ca5f\">\n#top .av-special-heading.av-9tb4an-8a6b615ce33bceeb659d89ce8894ca5f{\npadding-bottom:10px;\n}\nbody .av-special-heading.av-9tb4an-8a6b615ce33bceeb659d89ce8894ca5f .av-special-heading-tag .heading-char{\nfont-size:25px;\n}\n.av-special-heading.av-9tb4an-8a6b615ce33bceeb659d89ce8894ca5f .av-subheading{\nfont-size:15px;\n}\n<\/style>\n<div  class='av-special-heading av-9tb4an-8a6b615ce33bceeb659d89ce8894ca5f av-special-heading-h3  avia-builder-el-4  el_after_av_four_fifth  el_before_av_textblock '><h3 class='av-special-heading-tag'  itemprop=\"headline\"  >mein Herzweg<\/h3><div class=\"special-heading-border\"><div class=\"special-heading-inner-border\"><\/div><\/div><\/div>\n<section  class='av_textblock_section av-7g2hm7-a8f724a39350abb405249c01e6d02072'  itemscope=\"itemscope\" itemtype=\"https:\/\/schema.org\/CreativeWork\" ><div class='avia_textblock'  itemprop=\"text\" ><p>Meine Seele hat es schon immer schon gewusst&#8230;<\/p>\n<p><strong>Marianne Knab (Jahrgang 1959<\/strong>)<\/p>\n<p>Das Heranwachsen und die Zeit im elterlichen Friseursalon mit der Selbstversorgerlandwirtschaft im Familienverbund<br \/>\nkann ich heute als gro\u00dfes Geschenk sehen \u2013 Menschlichkeit &amp; F\u00fclle auf allen Ebenen.<\/p>\n<p>Berufliche Stationen waren B\u00fcrolehre, PR-Frau im Gesundheitswesen und Gesch\u00e4ftsf\u00fchrerin bei einem \u00d6koverband.<br \/>\nEs folgten Jahre mit freiberuflicher Beratungs- und \u00d6ffentlichkeitsarbeit mit der Agentur SinnVoll.<br \/>\nPr\u00e4gend dazu die gelebte Work-Live-Balance mit 4 Kindern.<\/p>\n<p>Nach verschiedenen beruflichen Fortbildungen zu Teambildung, Prozessarbeit &amp; Coaching f\u00fchrte mich mein Weg zu<br \/>\n<a href=\"https:\/\/www.heilhaus.org\/web\/guest\/ursa-paul\"><strong>Ursa Paul<\/strong><\/a>, der Gr\u00fcnderin des <a href=\"https:\/\/www.heilhaus.org\/web\/guest\/home;jsessionid=C9D00ED2DEC6718AEFA500E2AD37EB8C\">Heilhauses<\/a> in Kassel. Dort erfolgte die langj\u00e4hrige Ausbildung \u201eSeelenentwicklung\u201c mit feinstofflicher Energie- und Chakrenarbeit.<\/p>\n<p>Der Tod meines Vaters und meiner besten Freundin brachte mich zu einer 2-j\u00e4hrigen T\u00e4tigkeit bei zwei Bestattungsunternehmen. Die Erfahrung, dass der Tod Teil des Lebens ist und die Ausdrucksformen der Trauer<br \/>\nso verschieden wie die Menschen sind, lehrte mich Demut und Dankbarkeit f\u00fcr mein Leben.<\/p>\n<p>Es folgten Ausbildungen als Sommeliere und Kr\u00e4uterp\u00e4dagogin; mit zahlreich durchgef\u00fchrten Genuss, Kr\u00e4uter- und Weinseminaren in Garten und Natur.<\/p>\n<p>Die tiefe Erfahrung und Teilnahme von f\u00fcnf Internationalen Kundalini Yoga Festivals und der Werdegang meines Mannes zum Yoga Lehrer brachte mich dann ebenso zur Ausbildung als Kundalini Yoga Lehrerin bei <a href=\"https:\/\/www.3ho.de\/web\/startseite.html\">3HO.<\/a><\/p>\n<p>Mein weiterer Weg f\u00fchrte mich zu <a href=\"http:\/\/www.reinhold-kopp.com\/8-2\"><strong>Reinhold Kopp<\/strong><\/a> und der Ausbildung <a href=\"http:\/\/www.reinhold-kopp.com\">\u201eHairzbalance\u201c;<\/a> einer inneren Reise hin zu alten Schatten und dem heilsamen Umgang damit. Die darauf folgende Indienreise mit Reinhold war eine Befreiung auf allen Ebenen.<\/p>\n<p>So schlie\u00dft sich der Kreis. Zutiefst dankbar bin ich f\u00fcr meine gro\u00dfe Familie mit inzwischen 4 Enkelkindern.<\/p>\n<\/div><\/section>\n<div  class='hr av-5ql1z3-8cbb9809b6c3e840568bd863e1c2cd46 hr-default  avia-builder-el-6  el_after_av_textblock  el_before_av_heading '><span class='hr-inner '><span class=\"hr-inner-style\"><\/span><\/span><\/div>\n\n<style type=\"text\/css\" data-created_by=\"avia_inline_auto\" id=\"style-css-av-esovj-fee6472435cc7bd02f0a2683bb178861\">\n#top .av-special-heading.av-esovj-fee6472435cc7bd02f0a2683bb178861{\npadding-bottom:10px;\n}\nbody .av-special-heading.av-esovj-fee6472435cc7bd02f0a2683bb178861 .av-special-heading-tag .heading-char{\nfont-size:25px;\n}\n.av-special-heading.av-esovj-fee6472435cc7bd02f0a2683bb178861 .av-subheading{\nfont-size:15px;\n}\n<\/style>\n<div  class='av-special-heading av-esovj-fee6472435cc7bd02f0a2683bb178861 av-special-heading-h3  avia-builder-el-7  el_after_av_hr  el_before_av_horizontal_gallery  avia-builder-el-last '><h3 class='av-special-heading-tag'  itemprop=\"headline\"  >mein Herz hat mich gef\u00fchrt <\/h3><div class=\"special-heading-border\"><div class=\"special-heading-inner-border\"><\/div><\/div><\/div>\n\n<style type=\"text\/css\" data-created_by=\"avia_inline_auto\" id=\"style-css-av-33zx3j-03e073dea7b50f947eead2fdb4747167\">\n.av-horizontal-gallery.av-33zx3j-03e073dea7b50f947eead2fdb4747167{\npadding:3.75% 0px;;\n}\n.av-horizontal-gallery.av-33zx3j-03e073dea7b50f947eead2fdb4747167 .av-horizontal-gallery-inner{\npadding-bottom:25%;\n}\n<\/style>\n<div  class='av-horizontal-gallery av-33zx3j-03e073dea7b50f947eead2fdb4747167 av-horizontal-gallery-large-gap av-horizontal-gallery-enlarge-effect  avia-builder-el-8  el_after_av_heading  avia-builder-el-last  av-slideshow-ui av-control-default av-slideshow-manual av-loop-once av-loop-manual-endless av-horizontal-gallery-1' data-slideshow-data=\"{&quot;enlarge&quot;:1.3,&quot;animation&quot;:&quot;slide&quot;,&quot;autoplay&quot;:false,&quot;loop_autoplay&quot;:&quot;once&quot;,&quot;interval&quot;:5,&quot;loop_manual&quot;:&quot;manual-endless&quot;,&quot;autoplay_stopper&quot;:false,&quot;noNavigation&quot;:false,&quot;bg_slider&quot;:false,&quot;keep_padding&quot;:&quot;&quot;,&quot;hoverpause&quot;:false,&quot;show_slide_delay&quot;:0}\"  itemprop=\"image\" itemscope=\"itemscope\" itemtype=\"https:\/\/schema.org\/ImageObject\" ><div class='avia-slideshow-arrows avia-slideshow-controls' ><a href='#prev' class='prev-slide av-horizontal-gallery-prev' aria-hidden='true' data-av_icon='\ue87c' data-av_iconfont='entypo-fontello'  tabindex='-1'>Zur\u00fcck<\/a><a href='#next' class='next-slide av-horizontal-gallery-next' aria-hidden='true' data-av_icon='\ue87d' data-av_iconfont='entypo-fontello'  tabindex='-1'>Weiter<\/a><\/div><div class='avia-slideshow-dots avia-slideshow-controls av-horizontal-gallery-dots fade-in'><a href='#1' class='goto-slide active' >1<\/a><a href='#2' class='goto-slide ' >2<\/a><a href='#3' class='goto-slide ' >3<\/a><a href='#4' class='goto-slide ' >4<\/a><\/div><div class='av-horizontal-gallery-inner' data-av-height='25'><div class=\"av-horizontal-gallery-slider\"><div class='av-horizontal-gallery-wrap noHover'><img loading=\"lazy\" decoding=\"async\" class='wp-image-3548 avia-img-lazy-loading-3548 av-horizontal-gallery-img' width=\"773\" height=\"1030\" src=\"https:\/\/marianneknab.de\/wp-content\/uploads\/2021\/03\/marianne-prowein19-773x1030.jpg\" title='marianne prowein19' alt='' srcset=\"https:\/\/marianneknab.de\/wp-content\/uploads\/2021\/03\/marianne-prowein19-773x1030.jpg 773w, https:\/\/marianneknab.de\/wp-content\/uploads\/2021\/03\/marianne-prowein19-225x300.jpg 225w, https:\/\/marianneknab.de\/wp-content\/uploads\/2021\/03\/marianne-prowein19-768x1024.jpg 768w, https:\/\/marianneknab.de\/wp-content\/uploads\/2021\/03\/marianne-prowein19-1152x1536.jpg 1152w, https:\/\/marianneknab.de\/wp-content\/uploads\/2021\/03\/marianne-prowein19-1536x2048.jpg 1536w, https:\/\/marianneknab.de\/wp-content\/uploads\/2021\/03\/marianne-prowein19-1125x1500.jpg 1125w, https:\/\/marianneknab.de\/wp-content\/uploads\/2021\/03\/marianne-prowein19-529x705.jpg 529w, https:\/\/marianneknab.de\/wp-content\/uploads\/2021\/03\/marianne-prowein19-450x600.jpg 450w, https:\/\/marianneknab.de\/wp-content\/uploads\/2021\/03\/marianne-prowein19-scaled.jpg 1920w\" sizes=\"auto, (max-width: 773px) 100vw, 773px\" \/><a href=\"https:\/\/marianneknab.de\/wp-content\/uploads\/2021\/03\/marianne-prowein19-773x1030.jpg\" data-srcset=\"https:\/\/marianneknab.de\/wp-content\/uploads\/2021\/03\/marianne-prowein19-773x1030.jpg 773w, https:\/\/marianneknab.de\/wp-content\/uploads\/2021\/03\/marianne-prowein19-225x300.jpg 225w, https:\/\/marianneknab.de\/wp-content\/uploads\/2021\/03\/marianne-prowein19-768x1024.jpg 768w, https:\/\/marianneknab.de\/wp-content\/uploads\/2021\/03\/marianne-prowein19-1152x1536.jpg 1152w, https:\/\/marianneknab.de\/wp-content\/uploads\/2021\/03\/marianne-prowein19-1536x2048.jpg 1536w, https:\/\/marianneknab.de\/wp-content\/uploads\/2021\/03\/marianne-prowein19-1125x1500.jpg 1125w, https:\/\/marianneknab.de\/wp-content\/uploads\/2021\/03\/marianne-prowein19-529x705.jpg 529w, https:\/\/marianneknab.de\/wp-content\/uploads\/2021\/03\/marianne-prowein19-450x600.jpg 450w, https:\/\/marianneknab.de\/wp-content\/uploads\/2021\/03\/marianne-prowein19-scaled.jpg 1920w\" data-sizes=\"(max-width: 773px) 100vw, 773px\" class='av-horizontal-gallery-link' aria-hidden='true' data-av_icon='\ue869' data-av_iconfont='entypo-fontello' title='marianne prowein19' alt=''><\/a><\/div><div class='av-horizontal-gallery-wrap noHover'><img loading=\"lazy\" decoding=\"async\" class='wp-image-3547 avia-img-lazy-loading-3547 av-horizontal-gallery-img' width=\"747\" height=\"919\" src=\"https:\/\/marianneknab.de\/wp-content\/uploads\/2021\/03\/marianne-sellerie.jpg\" title='marianne sellerie' alt='' srcset=\"https:\/\/marianneknab.de\/wp-content\/uploads\/2021\/03\/marianne-sellerie.jpg 747w, https:\/\/marianneknab.de\/wp-content\/uploads\/2021\/03\/marianne-sellerie-244x300.jpg 244w, https:\/\/marianneknab.de\/wp-content\/uploads\/2021\/03\/marianne-sellerie-573x705.jpg 573w, https:\/\/marianneknab.de\/wp-content\/uploads\/2021\/03\/marianne-sellerie-450x554.jpg 450w\" sizes=\"auto, (max-width: 747px) 100vw, 747px\" \/><a href=\"https:\/\/marianneknab.de\/wp-content\/uploads\/2021\/03\/marianne-sellerie.jpg\" data-srcset=\"https:\/\/marianneknab.de\/wp-content\/uploads\/2021\/03\/marianne-sellerie.jpg 747w, https:\/\/marianneknab.de\/wp-content\/uploads\/2021\/03\/marianne-sellerie-244x300.jpg 244w, https:\/\/marianneknab.de\/wp-content\/uploads\/2021\/03\/marianne-sellerie-573x705.jpg 573w, https:\/\/marianneknab.de\/wp-content\/uploads\/2021\/03\/marianne-sellerie-450x554.jpg 450w\" data-sizes=\"(max-width: 747px) 100vw, 747px\" class='av-horizontal-gallery-link' aria-hidden='true' data-av_icon='\ue869' data-av_iconfont='entypo-fontello' title='marianne sellerie' alt=''><\/a><\/div><div class='av-horizontal-gallery-wrap noHover'><img loading=\"lazy\" decoding=\"async\" class='wp-image-1381 avia-img-lazy-loading-1381 av-horizontal-gallery-img' width=\"775\" height=\"680\" src=\"https:\/\/marianneknab.de\/wp-content\/uploads\/2015\/01\/Marianne_6993_web-e1615477790258.jpg\" title='Marianne_6993_web' alt='' srcset=\"https:\/\/marianneknab.de\/wp-content\/uploads\/2015\/01\/Marianne_6993_web-e1615477790258.jpg 775w, https:\/\/marianneknab.de\/wp-content\/uploads\/2015\/01\/Marianne_6993_web-e1615477790258-300x263.jpg 300w, https:\/\/marianneknab.de\/wp-content\/uploads\/2015\/01\/Marianne_6993_web-e1615477790258-768x674.jpg 768w, https:\/\/marianneknab.de\/wp-content\/uploads\/2015\/01\/Marianne_6993_web-e1615477790258-705x619.jpg 705w, https:\/\/marianneknab.de\/wp-content\/uploads\/2015\/01\/Marianne_6993_web-e1615477790258-450x395.jpg 450w\" sizes=\"auto, (max-width: 775px) 100vw, 775px\" \/><a href=\"https:\/\/marianneknab.de\/wp-content\/uploads\/2015\/01\/Marianne_6993_web-e1615477790258.jpg\" data-srcset=\"https:\/\/marianneknab.de\/wp-content\/uploads\/2015\/01\/Marianne_6993_web-e1615477790258.jpg 775w, https:\/\/marianneknab.de\/wp-content\/uploads\/2015\/01\/Marianne_6993_web-e1615477790258-300x263.jpg 300w, https:\/\/marianneknab.de\/wp-content\/uploads\/2015\/01\/Marianne_6993_web-e1615477790258-768x674.jpg 768w, https:\/\/marianneknab.de\/wp-content\/uploads\/2015\/01\/Marianne_6993_web-e1615477790258-705x619.jpg 705w, https:\/\/marianneknab.de\/wp-content\/uploads\/2015\/01\/Marianne_6993_web-e1615477790258-450x395.jpg 450w\" data-sizes=\"(max-width: 775px) 100vw, 775px\" class='av-horizontal-gallery-link' aria-hidden='true' data-av_icon='\ue869' data-av_iconfont='entypo-fontello' title='Marianne_6993_web' alt=''><\/a><\/div><div class='av-horizontal-gallery-wrap noHover'><img loading=\"lazy\" decoding=\"async\" class='wp-image-2957 avia-img-lazy-loading-2957 av-horizontal-gallery-img' width=\"707\" height=\"695\" src=\"https:\/\/marianneknab.de\/wp-content\/uploads\/2020\/02\/a79cefe3-2385-4440-aa73-b8a154f1cde8.jpg\" title='a79cefe3-2385-4440-aa73-b8a154f1cde8' alt='' srcset=\"https:\/\/marianneknab.de\/wp-content\/uploads\/2020\/02\/a79cefe3-2385-4440-aa73-b8a154f1cde8.jpg 707w, https:\/\/marianneknab.de\/wp-content\/uploads\/2020\/02\/a79cefe3-2385-4440-aa73-b8a154f1cde8-300x295.jpg 300w, https:\/\/marianneknab.de\/wp-content\/uploads\/2020\/02\/a79cefe3-2385-4440-aa73-b8a154f1cde8-80x80.jpg 80w, https:\/\/marianneknab.de\/wp-content\/uploads\/2020\/02\/a79cefe3-2385-4440-aa73-b8a154f1cde8-36x36.jpg 36w, https:\/\/marianneknab.de\/wp-content\/uploads\/2020\/02\/a79cefe3-2385-4440-aa73-b8a154f1cde8-705x693.jpg 705w, https:\/\/marianneknab.de\/wp-content\/uploads\/2020\/02\/a79cefe3-2385-4440-aa73-b8a154f1cde8-450x442.jpg 450w\" sizes=\"auto, (max-width: 707px) 100vw, 707px\" \/><a href=\"https:\/\/marianneknab.de\/wp-content\/uploads\/2020\/02\/a79cefe3-2385-4440-aa73-b8a154f1cde8.jpg\" data-srcset=\"https:\/\/marianneknab.de\/wp-content\/uploads\/2020\/02\/a79cefe3-2385-4440-aa73-b8a154f1cde8.jpg 707w, https:\/\/marianneknab.de\/wp-content\/uploads\/2020\/02\/a79cefe3-2385-4440-aa73-b8a154f1cde8-300x295.jpg 300w, https:\/\/marianneknab.de\/wp-content\/uploads\/2020\/02\/a79cefe3-2385-4440-aa73-b8a154f1cde8-80x80.jpg 80w, https:\/\/marianneknab.de\/wp-content\/uploads\/2020\/02\/a79cefe3-2385-4440-aa73-b8a154f1cde8-36x36.jpg 36w, https:\/\/marianneknab.de\/wp-content\/uploads\/2020\/02\/a79cefe3-2385-4440-aa73-b8a154f1cde8-705x693.jpg 705w, https:\/\/marianneknab.de\/wp-content\/uploads\/2020\/02\/a79cefe3-2385-4440-aa73-b8a154f1cde8-450x442.jpg 450w\" data-sizes=\"(max-width: 707px) 100vw, 707px\" class='av-horizontal-gallery-link' aria-hidden='true' data-av_icon='\ue869' data-av_iconfont='entypo-fontello' title='a79cefe3-2385-4440-aa73-b8a154f1cde8' alt=''><\/a><\/div><\/div><\/div><\/div>\n","protected":false},"excerpt":{"rendered":"","protected":false},"author":1,"featured_media":0,"parent":0,"menu_order":0,"comment_status":"closed","ping_status":"closed","template":"","meta":{"footnotes":""},"class_list":["post-3231","page","type-page","status-publish","hentry"],"_links":{"self":[{"href":"https:\/\/marianneknab.de\/index.php?rest_route=\/wp\/v2\/pages\/3231","targetHints":{"allow":["GET"]}}],"collection":[{"href":"https:\/\/marianneknab.de\/index.php?rest_route=\/wp\/v2\/pages"}],"about":[{"href":"https:\/\/marianneknab.de\/index.php?rest_route=\/wp\/v2\/types\/page"}],"author":[{"embeddable":true,"href":"https:\/\/marianneknab.de\/index.php?rest_route=\/wp\/v2\/users\/1"}],"replies":[{"embeddable":true,"href":"https:\/\/marianneknab.de\/index.php?rest_route=%2Fwp%2Fv2%2Fcomments&post=3231"}],"version-history":[{"count":40,"href":"https:\/\/marianneknab.de\/index.php?rest_route=\/wp\/v2\/pages\/3231\/revisions"}],"predecessor-version":[{"id":4272,"href":"https:\/\/marianneknab.de\/index.php?rest_route=\/wp\/v2\/pages\/3231\/revisions\/4272"}],"wp:attachment":[{"href":"https:\/\/marianneknab.de\/index.php?rest_route=%2Fwp%2Fv2%2Fmedia&parent=3231"}],"curies":[{"name":"wp","href":"https:\/\/api.w.org\/{rel}","templated":true}]}}