{"id":2970,"date":"2020-02-24T19:40:29","date_gmt":"2020-02-24T19:40:29","guid":{"rendered":"http:\/\/marianneknab.de\/?page_id=2970"},"modified":"2024-03-27T10:43:14","modified_gmt":"2024-03-27T10:43:14","slug":"green-detox","status":"publish","type":"page","link":"https:\/\/marianneknab.de\/?page_id=2970","title":{"rendered":"Green Detox"},"content":{"rendered":"<section  class='av_textblock_section av-lhjxfu-7efd0b1d1357408816596e1274b95af2'  itemscope=\"itemscope\" itemtype=\"https:\/\/schema.org\/CreativeWork\" ><div class='avia_textblock'  itemprop=\"text\" ><\/div><\/section>\n\n<style type=\"text\/css\" data-created_by=\"avia_inline_auto\" id=\"style-css-av-i4e7u2-8492a0e09b214967001f9cc57c4a8e06\">\n#top .av-special-heading.av-i4e7u2-8492a0e09b214967001f9cc57c4a8e06{\npadding-bottom:10px;\n}\nbody .av-special-heading.av-i4e7u2-8492a0e09b214967001f9cc57c4a8e06 .av-special-heading-tag .heading-char{\nfont-size:25px;\n}\n.av-special-heading.av-i4e7u2-8492a0e09b214967001f9cc57c4a8e06 .av-subheading{\nfont-size:15px;\n}\n<\/style>\n<div  class='av-special-heading av-i4e7u2-8492a0e09b214967001f9cc57c4a8e06 av-special-heading-h3  avia-builder-el-1  el_after_av_textblock  el_before_av_three_fourth '><h3 class='av-special-heading-tag'  itemprop=\"headline\"  >Detox Basenwoche 2025<\/h3><div class=\"special-heading-border\"><div class=\"special-heading-inner-border\"><\/div><\/div><\/div>\n\n<style type=\"text\/css\" data-created_by=\"avia_inline_auto\" id=\"style-css-av-gencoq-54ca7489b3fc666f61df5380e5d9eae4\">\n.flex_column.av-gencoq-54ca7489b3fc666f61df5380e5d9eae4{\n-webkit-border-radius:0px 0px 0px 0px;\n-moz-border-radius:0px 0px 0px 0px;\nborder-radius:0px 0px 0px 0px;\n}\n<\/style>\n<div class='flex_column av-gencoq-54ca7489b3fc666f61df5380e5d9eae4 av_three_fourth  avia-builder-el-2  el_after_av_heading  el_before_av_three_fifth  first flex_column_div av-zero-column-padding '     ><p>\n<style type=\"text\/css\" data-created_by=\"avia_inline_auto\" id=\"style-css-av-dyrk2y-17a559ab5e790f66fe962db2fc759e6d\">\n#top .av-special-heading.av-dyrk2y-17a559ab5e790f66fe962db2fc759e6d{\npadding-bottom:10px;\n}\nbody .av-special-heading.av-dyrk2y-17a559ab5e790f66fe962db2fc759e6d .av-special-heading-tag .heading-char{\nfont-size:25px;\n}\n.av-special-heading.av-dyrk2y-17a559ab5e790f66fe962db2fc759e6d .av-subheading{\nfont-size:15px;\n}\n<\/style>\n<div  class='av-special-heading av-dyrk2y-17a559ab5e790f66fe962db2fc759e6d av-special-heading-h3  avia-builder-el-3  el_before_av_textblock  avia-builder-el-first '><h3 class='av-special-heading-tag'  itemprop=\"headline\"  >Detox YOGA und Basenkost: DETOX Woche 16. &#8211; 20. M\u00e4rz 2025<\/h3><div class=\"special-heading-border\"><div class=\"special-heading-inner-border\"><\/div><\/div><\/div><br \/>\n<section  class='av_textblock_section av-ancna2-8c6b0ecc7cbe5ab314ad4ca35ab142f8'  itemscope=\"itemscope\" itemtype=\"https:\/\/schema.org\/CreativeWork\" ><div class='avia_textblock'  itemprop=\"text\" ><h3><strong><br \/>\nDetox YOGA und Basenkost in Jordans Unterm\u00fchle<\/strong><\/h3>\n<p>Ideal zum entschlacken, entgiften und regenerieren.<\/p>\n<p>Hol dir einen Energieschub!<\/p>\n<p><strong>Fr\u00fchling &#8211; Detox &#8211; Entlastungstage mit Marianne:<\/strong><\/p>\n<p>Eine geniale Kombination von<\/p>\n<ul>\n<li>gezielten Yoga\u00fcbungen f\u00fcr die Entgiftungsorgane,<\/li>\n<li>kompaktem Wissen zu gesunder Ern\u00e4hrung- und Lebensweise<\/li>\n<li>einer leichten Basenk\u00fcche von K\u00fcchenchefin LU<\/li>\n<li>die Verwendung der 5 st\u00e4rksten Fr\u00fchlingskr\u00e4utersanft, pers\u00f6nliche Betreuung in einer kleine Gruppe<br \/>\nEntlastung f\u00fcr K\u00f6rper, Geist und Seele.<\/li>\n<\/ul>\n<h4>Jetzt Termin vormerken:<br \/>\n16. &#8211; 20. M\u00e4rz 2025<\/h4>\n<p>Ort: <strong>Jordans Unterm\u00fchle<\/strong><\/p>\n<p>Ein Ort der Kraft und des R\u00fcckzugs.<\/p>\n<h1><\/h1>\n<p><strong><img loading=\"lazy\" decoding=\"async\" class=\"alignnone size-full wp-image-4218\" src=\"https:\/\/marianneknab.de\/wp-content\/uploads\/2024\/01\/jordans-yogaraum.jpg\" alt=\"\" width=\"752\" height=\"492\" srcset=\"https:\/\/marianneknab.de\/wp-content\/uploads\/2024\/01\/jordans-yogaraum.jpg 752w, https:\/\/marianneknab.de\/wp-content\/uploads\/2024\/01\/jordans-yogaraum-300x196.jpg 300w, https:\/\/marianneknab.de\/wp-content\/uploads\/2024\/01\/jordans-yogaraum-705x461.jpg 705w\" sizes=\"auto, (max-width: 752px) 100vw, 752px\" \/><\/strong><\/p>\n<\/div><\/section><\/p><\/div>\n<style type=\"text\/css\" data-created_by=\"avia_inline_auto\" id=\"style-css-av-9buomy-57a119b1005ae6f3bb97ceba394086b5\">\n.flex_column.av-9buomy-57a119b1005ae6f3bb97ceba394086b5{\n-webkit-border-radius:0px 0px 0px 0px;\n-moz-border-radius:0px 0px 0px 0px;\nborder-radius:0px 0px 0px 0px;\n}\n<\/style>\n<div class='flex_column av-9buomy-57a119b1005ae6f3bb97ceba394086b5 av_three_fifth  avia-builder-el-5  el_after_av_three_fourth  el_before_av_hr  first flex_column_div av-zero-column-padding column-top-margin'     ><p>\n<style type=\"text\/css\" data-created_by=\"avia_inline_auto\" id=\"style-css-av-78rhtm-cb1b7ad3219d3a6dd80806b4f62c831f\">\n#top .av-special-heading.av-78rhtm-cb1b7ad3219d3a6dd80806b4f62c831f{\npadding-bottom:10px;\n}\nbody .av-special-heading.av-78rhtm-cb1b7ad3219d3a6dd80806b4f62c831f .av-special-heading-tag .heading-char{\nfont-size:25px;\n}\n.av-special-heading.av-78rhtm-cb1b7ad3219d3a6dd80806b4f62c831f .av-subheading{\nfont-size:15px;\n}\n<\/style>\n<div  class='av-special-heading av-78rhtm-cb1b7ad3219d3a6dd80806b4f62c831f av-special-heading-h3  avia-builder-el-6  el_before_av_image  avia-builder-el-first '><h3 class='av-special-heading-tag'  itemprop=\"headline\"  >Teilnehmerstimmen Gr\u00fcne DETOX Woche mit Marianne<\/h3><div class=\"special-heading-border\"><div class=\"special-heading-inner-border\"><\/div><\/div><\/div><br \/>\n\n<style type=\"text\/css\" data-created_by=\"avia_inline_auto\" id=\"style-css-av-5m5dbe-000f6ae5f4d90c9894872b92b7bd499e\">\n.avia-image-container.av-5m5dbe-000f6ae5f4d90c9894872b92b7bd499e img.avia_image{\nbox-shadow:none;\n}\n.avia-image-container.av-5m5dbe-000f6ae5f4d90c9894872b92b7bd499e .av-image-caption-overlay-center{\ncolor:#ffffff;\n}\n<\/style>\n<div  class='avia-image-container av-5m5dbe-000f6ae5f4d90c9894872b92b7bd499e av-styling- avia-align-center  avia-builder-el-7  el_after_av_heading  el_before_av_textblock '   itemprop=\"image\" itemscope=\"itemscope\" itemtype=\"https:\/\/schema.org\/ImageObject\" ><div class=\"avia-image-container-inner\"><div class=\"avia-image-overlay-wrap\"><img decoding=\"async\" class='wp-image-3023 avia-img-lazy-loading-not-3023 avia_image ' src=\"https:\/\/marianneknab.de\/wp-content\/uploads\/2020\/03\/SMOOTHIES.jpg\" alt='' title='SMOOTHIES'  height=\"312\" width=\"820\"  itemprop=\"thumbnailUrl\" srcset=\"https:\/\/marianneknab.de\/wp-content\/uploads\/2020\/03\/SMOOTHIES.jpg 820w, https:\/\/marianneknab.de\/wp-content\/uploads\/2020\/03\/SMOOTHIES-300x114.jpg 300w, https:\/\/marianneknab.de\/wp-content\/uploads\/2020\/03\/SMOOTHIES-768x292.jpg 768w, https:\/\/marianneknab.de\/wp-content\/uploads\/2020\/03\/SMOOTHIES-705x268.jpg 705w, https:\/\/marianneknab.de\/wp-content\/uploads\/2020\/03\/SMOOTHIES-450x171.jpg 450w\" sizes=\"(max-width: 820px) 100vw, 820px\" \/><\/div><\/div><\/div><br \/>\n<section  class='av_textblock_section av-4w6vca-1c707f98fb89de603c03e5ec15ecff5d'  itemscope=\"itemscope\" itemtype=\"https:\/\/schema.org\/CreativeWork\" ><div class='avia_textblock'  itemprop=\"text\" ><p><strong>Das sagen die Teilnehmerinnen der <\/strong><br \/>\n<strong>Gr\u00fcnen DETOX\u00a0 Woche in Nierstein im M\u00e4rz 2024;<br \/>\n<\/strong><br \/>\nDiese Woche war f\u00fcr mich:<\/p>\n<p>&#8222;<em>&#8230;sehr gut &#8211; die Ern\u00e4hungsumstellung hat mir gut getan. Jetzt f\u00fchle ich mich wirklich energiegeladen.<br \/>\n&#8230; besonders dein Kr\u00e4uterwissen war sehr inspirierend, habe so viel Neues erfahren und kennengelernt; deine Smoothies und Pestos waren einfach k\u00f6stlich.&#8220;<br \/>\nE. aus Mainz<br \/>\n<\/em><\/p>\n<\/div><\/section><br \/>\n<section  class='av_textblock_section av-av_textblock-0aafccd1a3281e26ed01b2390ce67e93'  itemscope=\"itemscope\" itemtype=\"https:\/\/schema.org\/CreativeWork\" ><div class='avia_textblock'  itemprop=\"text\" ><p><strong>Antworten per Feedbackfragebogen<\/strong><br \/>\n<strong>&#8211; GREEN DETOX im M\u00e4rz 2020;<br \/>\n<\/strong><br \/>\nDAS SEMINAR WAR F\u00dcR MICH&#8230;<\/p>\n<p>&#8222;<em>&#8230; ein Traum. Die geniale Verbindung von Wildkr\u00e4utern, basischer Ern\u00e4hrung mit einem wunderbaren Yoga war perfekt.&#8220;<\/em><br \/>\nA. aus S.<\/p>\n<p>&#8222;.<em>.eine Bereicherung. Sowohl psychisch als auch physisch. Ich nehme wertvolle Impulse mit und nehme mir ganz viel davon in meinen Alltag mit.&#8220;<\/em> Frau L. aus N.<\/p>\n<p>&#8222;<em>&#8230;auf allen Ebenen n\u00e4hrend, unterst\u00fctzend und heilend. Danke&#8220;<\/em>.<br \/>\nA aus D.<\/p>\n<\/div><\/section><\/p><\/div><div  class='hr av-1zzdbu-f98fb7b63d2c92845476a64795b5ad82 hr-default  avia-builder-el-10  el_after_av_three_fifth  avia-builder-el-last '><span class='hr-inner '><span class=\"hr-inner-style\"><\/span><\/span><\/div><\/p>\n","protected":false},"excerpt":{"rendered":"","protected":false},"author":1,"featured_media":805,"parent":3224,"menu_order":0,"comment_status":"closed","ping_status":"closed","template":"","meta":{"footnotes":""},"class_list":["post-2970","page","type-page","status-publish","has-post-thumbnail","hentry"],"_links":{"self":[{"href":"https:\/\/marianneknab.de\/index.php?rest_route=\/wp\/v2\/pages\/2970","targetHints":{"allow":["GET"]}}],"collection":[{"href":"https:\/\/marianneknab.de\/index.php?rest_route=\/wp\/v2\/pages"}],"about":[{"href":"https:\/\/marianneknab.de\/index.php?rest_route=\/wp\/v2\/types\/page"}],"author":[{"embeddable":true,"href":"https:\/\/marianneknab.de\/index.php?rest_route=\/wp\/v2\/users\/1"}],"replies":[{"embeddable":true,"href":"https:\/\/marianneknab.de\/index.php?rest_route=%2Fwp%2Fv2%2Fcomments&post=2970"}],"version-history":[{"count":25,"href":"https:\/\/marianneknab.de\/index.php?rest_route=\/wp\/v2\/pages\/2970\/revisions"}],"predecessor-version":[{"id":4267,"href":"https:\/\/marianneknab.de\/index.php?rest_route=\/wp\/v2\/pages\/2970\/revisions\/4267"}],"up":[{"embeddable":true,"href":"https:\/\/marianneknab.de\/index.php?rest_route=\/wp\/v2\/pages\/3224"}],"wp:featuredmedia":[{"embeddable":true,"href":"https:\/\/marianneknab.de\/index.php?rest_route=\/wp\/v2\/media\/805"}],"wp:attachment":[{"href":"https:\/\/marianneknab.de\/index.php?rest_route=%2Fwp%2Fv2%2Fmedia&parent=2970"}],"curies":[{"name":"wp","href":"https:\/\/api.w.org\/{rel}","templated":true}]}}